{"id":798,"date":"2025-07-26T11:36:58","date_gmt":"2025-07-26T09:36:58","guid":{"rendered":"https:\/\/testsulycsokkentocsoport.hu\/?page_id=798"},"modified":"2025-08-05T23:03:26","modified_gmt":"2025-08-05T21:03:26","slug":"aszf","status":"publish","type":"page","link":"https:\/\/testsulycsokkentocsoport.hu\/?page_id=798","title":{"rendered":"ASZF"},"content":{"rendered":"\t\t<div data-elementor-type=\"wp-page\" data-elementor-id=\"798\" class=\"elementor elementor-798\">\n\t\t\t\t<div class=\"elementor-element elementor-element-722a9a3a e-con-full e-flex e-con e-parent\" data-id=\"722a9a3a\" data-element_type=\"container\" data-e-type=\"container\">\n\t\t\t\t<div class=\"elementor-element elementor-element-557ac06e elementor-widget elementor-widget-text-editor\" data-id=\"557ac06e\" data-element_type=\"widget\" data-e-type=\"widget\" data-widget_type=\"text-editor.default\">\n\t\t\t\t<div class=\"elementor-widget-container\">\n\t\t\t\t\t\t\t\t\t<h1 class=\"wp-block-heading\">\u00c1ltal\u00e1nos Szerz\u0151d\u00e9si Felt\u00e9telek<\/h1>\n<p><!-- \/wp:heading --><!-- wp:paragraph --><\/p>\n<p>Hat\u00e1lyos: 2024. j\u00falius 31. napj\u00e1t\u00f3l visszavon\u00e1sig.<\/p>\n<p>Az al\u00e1bbiakban a <a href=\"https:\/\/koposdizsuzsa.hu\/\">koposdizsuzsa.hu<\/a> \u00e9s a\u00a0<a href=\"https:\/\/testsulycsokkentocsoport.hu\/\">testsulycsokkentocsoport.hu<\/a> oldalon ny\u00fajtott szolg\u00e1ltat\u00e1shoz tartoz\u00f3 \u00c1ltal\u00e1nos Szerz\u0151d\u00e9si Felt\u00e9teleket olvashatja.<\/p>\n<p><!-- \/wp:paragraph --><!-- wp:paragraph --><\/p>\n<p>1. <strong>A szolg\u00e1ltat\u00f3 adatai<\/strong><\/p>\n<p><!-- \/wp:paragraph --><!-- wp:paragraph --><\/p>\n<p>Szolg\u00e1ltat\u00f3: K\u00f6p\u00f6sdi Zsuzsa egy\u00e9ni v\u00e1llalkoz\u00f3<\/p>\n<p><!-- \/wp:paragraph --><!-- wp:paragraph --><\/p>\n<p>Sz\u00e9khely: 4032 Debrecen, B\u00e9kessy B\u00e9la utca 1. 2.\/7.<\/p>\n<p><!-- \/wp:paragraph --><!-- wp:paragraph --><\/p>\n<p>Ad\u00f3sz\u00e1m: 58060247-1-29<\/p>\n<p><!-- \/wp:paragraph --><!-- wp:paragraph --><\/p>\n<p>Nyilv\u00e1ntart\u00e1si sz\u00e1m: 56687853<\/p>\n<p><!-- \/wp:paragraph --><!-- wp:paragraph --><\/p>\n<p>Nyilv\u00e1ntart\u00e1sba vev\u0151 szerv: Bel\u00fcgyminiszt\u00e9rium<\/p>\n<p><!-- \/wp:paragraph --><!-- wp:paragraph --><\/p>\n<p>Telefonsz\u00e1m: +36303134846<\/p>\n<p><!-- \/wp:paragraph --><!-- wp:paragraph --><\/p>\n<p>E-mail c\u00edm: zs.koposdi@gmail.com<\/p>\n<p><!-- \/wp:paragraph --><!-- wp:paragraph --><\/p>\n<p>2. <strong>A szolg\u00e1ltat\u00e1s t\u00e1rgya<\/strong><\/p>\n<p><!-- \/wp:paragraph --><!-- wp:paragraph --><\/p>\n<p>A Szolg\u00e1ltat\u00f3 egy\u00e9ni pszichol\u00f3giai tan\u00e1csad\u00e1st \u00e9s ment\u00e1lhigi\u00e9n\u00e9s szolg\u00e1ltat\u00e1st ny\u00fajt szem\u00e9lyes \u00e9s online form\u00e1ban, illetve, csoportos \u00fcl\u00e9seket, foglalkoz\u00e1st, workshopot szervez \u00e9s tart szem\u00e9lyes \u00e9s online form\u00e1ban kliensei (tov\u00e1bbiakban \u00dcgyf\u00e9l) sz\u00e1m\u00e1ra, mely sor\u00e1n a Pszichol\u00f3gusok Etikai K\u00f3dex\u00e9nek elveit betartja. A konzult\u00e1ci\u00f3k, valamint a csoport\u00fcl\u00e9sek, foglalkoz\u00e1sok \u00e9s workshopok c\u00e9lja \u00dcgyf\u00e9l ment\u00e1lis \u00e1llapot\u00e1nak jav\u00edt\u00e1sa, \u00e9letvitel\u00e9nek jobb\u00edt\u00e1sa. A pszichol\u00f3giai tan\u00e1csad\u00e1s, konzult\u00e1ci\u00f3, illetve a csoport\u00fcl\u00e9s, a tests\u00falycs\u00f6kkent\u0151 csoport\u00fcl\u00e9s, foglalkoz\u00e1s, workshop nem min\u0151s\u00fcl eg\u00e9szs\u00e9g\u00fcgyi ell\u00e1t\u00e1snak, eg\u00e9szs\u00e9g\u00fcgyi szolg\u00e1ltat\u00e1snak, nem helyettes\u00edt orvosi, pszichi\u00e1triai vagy pszichoter\u00e1pi\u00e1s kezel\u00e9st. A Szolg\u00e1ltat\u00f3 \u00e1ltal ny\u00fajtott szolg\u00e1ltat\u00e1s \u00f6nismereti \u00e9s \u00e9letm\u00f3d-t\u00e1mogat\u00f3 program, amely a r\u00e9sztvev\u0151k ment\u00e1lis j\u00f3ll\u00e9t\u00e9t \u00e9s eg\u00e9szs\u00e9gtudatos \u00e9letvezet\u00e9s\u00e9t t\u00e1mogatja. A Szolg\u00e1ltat\u00f3val val\u00f3 k\u00f6z\u00f6s munka nem menti fel az \u00dcgyfelet saj\u00e1t \u00e9let\u00e9t illet\u0151 felel\u0151ss\u00e9ge al\u00f3l. Bizonyos esetekben a Szolg\u00e1ltat\u00f3 \u2013 az \u00dcgyf\u00e9l \u00e9rdek\u00e9ben \u2013 m\u00e1s szakemberek bevon\u00e1s\u00e1t vagy felkeres\u00e9s\u00e9t javasolja, illetve jelzi, amennyiben saj\u00e1t szakter\u00fclet\u00e9n k\u00edv\u00fcli probl\u00e9ma mer\u00fclt fel a tan\u00e1csad\u00e1s, konzult\u00e1ci\u00f3 vagy csoport\u00fcl\u00e9s sor\u00e1n.<br \/>A Szolg\u00e1ltat\u00f3t titoktart\u00e1si k\u00f6telezetts\u00e9g terheli a konzult\u00e1ci\u00f3n\/foglalkoz\u00e1son\/csoport\u00fcl\u00e9seken\/workshopokon elhangzottakkal kapcsolatosan.<\/p>\n<p><!-- \/wp:paragraph --><!-- wp:paragraph --><\/p>\n<p>3. <strong>Egy\u00e9ni konzult\u00e1ci\u00f3, pszichol\u00f3giai tan\u00e1csad\u00e1s, seg\u00edt\u0151 besz\u00e9lget\u00e9s<\/strong><\/p>\n<p><!-- \/wp:paragraph --><!-- wp:paragraph --><\/p>\n<p>3.1. <strong>A szerz\u0151d\u00e9s l\u00e9trej\u00f6tte<\/strong><\/p>\n<p><!-- \/wp:paragraph --><!-- wp:paragraph --><\/p>\n<p>Jelen szerz\u0151d\u00e9s a Szolg\u00e1ltat\u00f3 \u00e9s \u00dcgyfele k\u00f6zt j\u00f6n l\u00e9tre, melyet az \u00dcgyf\u00e9l a honlapon tal\u00e1lhat\u00f3 el\u00e9rhet\u0151s\u00e9gek (e-mail c\u00edm, telefonsz\u00e1m, Facebook profil, Messenger, Viber) ig\u00e9nybev\u00e9tel\u00e9vel kezdem\u00e9nyezhet. A Szolg\u00e1ltat\u00f3 a be\u00e9rkezett megkeres\u00e9seket sz\u00f3ban vagy \u00edr\u00e1sban visszaigazolja, illetve fenntartja mag\u00e1nak a jogot, hogy a be\u00e9rkezett k\u00e9r\u00e9st elutas\u00edtsa.<\/p>\n<p><!-- \/wp:paragraph --><!-- wp:paragraph --><\/p>\n<p>Az \u00dcgyf\u00e9l, jelen szerz\u0151d\u00e9s tudom\u00e1sulv\u00e9tel\u00e9vel nyilatkozik arr\u00f3l, hogy cselekv\u0151k\u00e9pes, a szerz\u0151d\u00e9sk\u00f6t\u00e9si k\u00e9pess\u00e9ge nincs korl\u00e1tozva \u00e9s a szolg\u00e1ltat\u00e1st szabad akarat\u00e1b\u00f3l veszi ig\u00e9nybe.<\/p>\n<p><!-- \/wp:paragraph --><!-- wp:paragraph --><\/p>\n<p>A Szolg\u00e1ltat\u00f3 v\u00e9lelmezi, hogy az \u00dcgyf\u00e9l \u00edt\u00e9l\u0151k\u00e9pess\u00e9g\u00e9nek birtok\u00e1ban, felel\u0151s m\u00f3don veszi ig\u00e9nybe a szolg\u00e1ltat\u00e1sait, d\u00f6nt\u00e9seit ezek tudat\u00e1ban \u00e9s birtok\u00e1ban hozza. Amennyiben az \u00fcl\u00e9sek sor\u00e1n ezek ellenkez\u0151je der\u00fcl ki a Szolg\u00e1ltat\u00f3 sz\u00e1m\u00e1ra, az \u00dcgyf\u00e9l r\u00e9sz\u00e9re m\u00e1s t\u00edpus\u00fa kezel\u00e9st javasol, illetve a jogosult a jelen szerz\u0151d\u00e9st felmondani.<\/p>\n<p><!-- \/wp:paragraph --><!-- wp:paragraph --><\/p>\n<p><strong>3.2. A kapcsolattart\u00e1s m\u00f3dja<\/strong><\/p>\n<p><!-- \/wp:paragraph --><!-- wp:paragraph --><\/p>\n<p>A Szolg\u00e1ltat\u00f3 \u00e9s az \u00dcgyfele telefonon, vagy e-mailben, vagy Messenger vagy Viber \u00fczenetben t\u00f6rt\u00e9n\u0151 id\u0151pont egyeztet\u00e9s\u00e9t k\u00f6vet\u0151en a pszichol\u00f3giai tan\u00e1csad\u00e1s a megbesz\u00e9lt id\u0151pontban folyik. A szolg\u00e1ltat\u00e1s ny\u00fajt\u00e1sa szem\u00e9lyes form\u00e1ban, a Szolg\u00e1ltat\u00f3 \u00e1ltal kijel\u00f6lt helysz\u00ednen vagy online form\u00e1ban zajlik.<\/p>\n<p><!-- \/wp:paragraph --><!-- wp:paragraph --><\/p>\n<p><strong>3.3. R\u00e9szv\u00e9teli d\u00edj<\/strong><\/p>\n<p><!-- \/wp:paragraph --><!-- wp:paragraph --><\/p>\n<p>A szolg\u00e1ltat\u00e1s ny\u00fajt\u00e1s\u00e1\u00e9rt a Szolg\u00e1ltat\u00f3 megb\u00edz\u00e1si d\u00edjat sz\u00e1mol fel, mely \u00f6sszeg kiegyenl\u00edt\u00e9se online konzult\u00e1ci\u00f3 eset\u00e9n banki \u00e1tutal\u00e1ssal vagy bankk\u00e1rty\u00e1s fizet\u00e9ssel t\u00f6rt\u00e9nik. A szolg\u00e1ltat\u00e1s ig\u00e9nybev\u00e9tel\u00e9vel az \u00dcgyf\u00e9l elfogadja, hogy a Szolg\u00e1ltat\u00f3 jogosult bek\u00e9rni t\u0151le a sz\u00e1mla ki\u00e1ll\u00edt\u00e1s\u00e1hoz sz\u00fcks\u00e9ges adatokat.<\/p>\n<p><!-- \/wp:paragraph --><!-- wp:paragraph --><\/p>\n<p><strong>3.4. A szolg\u00e1ltat\u00e1s lemond\u00e1s\u00e1nak felt\u00e9telei<\/strong><\/p>\n<p><!-- \/wp:paragraph --><!-- wp:paragraph --><\/p>\n<p>A szolg\u00e1ltat\u00e1s lemond\u00e1sa az egyeztetett id\u0151pont el\u0151tt 24 \u00f3r\u00e1val d\u00edjmentesen lehets\u00e9ges.<br \/>Amennyiben a lemond\u00e1s az egyeztetett id\u0151pontot megel\u0151z\u0151 24 \u00f3r\u00e1n bel\u00fcl t\u00f6rt\u00e9nik, az \u00dcgyf\u00e9l k\u00f6teles megt\u00e9r\u00edteni a konzult\u00e1ci\u00f3 d\u00edj\u00e1t a k\u00f6vetkez\u0151 alkalommal. Ez al\u00f3l kiv\u00e9telt k\u00e9peznek a vis maior esetek, ilyennek sz\u00e1m\u00edtanak p\u00e9ld\u00e1ul a baleset, vagy v\u00e1ratlan betegs\u00e9g.<\/p>\n<p><!-- \/wp:paragraph --><!-- wp:paragraph --><\/p>\n<p>\u00dcgyf\u00e9l tudom\u00e1sul veszi, hogy a konzult\u00e1ci\u00f3 felt\u00e9tele az alkohol-, drog- vagy egy\u00e9b tudatm\u00f3dos\u00edt\u00f3<br \/>szer-mentes \u00e1llapot. Ellenkez\u0151 esetben a Szolg\u00e1ltat\u00f3 jogosult megtagadni a konzult\u00e1ci\u00f3t, \u00e9s jogosult<br \/>a d\u00edjaz\u00e1sra.<\/p>\n<p>4.<strong> Tests\u00falycs\u00f6kkent\u0151 csoport program<\/strong><\/p>\n<p>4.1<strong> A szerz\u0151d\u00e9s l\u00e9trej\u00f6tte<\/strong><\/p>\n<p>A szerz\u0151d\u00e9s a jelentkez\u0151 \u00e1ltal kit\u00f6lt\u00f6tt jelentkez\u00e9si \u0171rlap vagy a jelentkez\u00e9sr\u0151l sz\u00f3l\u00f3 e-mail elk\u00fcld\u00e9se \u00e9s a Szolg\u00e1ltat\u00f3 \u00e1ltali visszaigazol\u00e1s alapj\u00e1n. A Szolg\u00e1ltat\u00f3 a be\u00e9rkezett jelentkez\u00e9st sz\u00f3ban vagy \u00edr\u00e1sban visszaigazolja, illetve fenntartja mag\u00e1nak a jogot, hogy a be\u00e9rkezett k\u00e9r\u00e9st elutas\u00edtsa.<\/p>\n<p>A jelentkez\u0151 a jelentkez\u00e9ssel elfogadja a jelen \u00c1SZF-ben foglaltakat.<\/p>\n<p>Az \u00dcgyf\u00e9l, jelen szerz\u0151d\u00e9s tudom\u00e1sulv\u00e9tel\u00e9vel nyilatkozik arr\u00f3l, hogy cselekv\u0151k\u00e9pes, a szerz\u0151d\u00e9sk\u00f6t\u00e9si k\u00e9pess\u00e9ge nincs korl\u00e1tozva \u00e9s a szolg\u00e1ltat\u00e1st szabad akarat\u00e1b\u00f3l veszi ig\u00e9nybe.<\/p>\n<p>A Szolg\u00e1ltat\u00f3 v\u00e9lelmezi, hogy az \u00dcgyf\u00e9l \u00edt\u00e9l\u0151k\u00e9pess\u00e9g\u00e9nek birtok\u00e1ban, felel\u0151s m\u00f3don veszi ig\u00e9nybe a szolg\u00e1ltat\u00e1sait, d\u00f6nt\u00e9seit ezek tudat\u00e1ban \u00e9s birtok\u00e1ban hozza. Amennyiben az \u00fcl\u00e9sek sor\u00e1n ezek ellenkez\u0151je der\u00fcl ki a Szolg\u00e1ltat\u00f3 sz\u00e1m\u00e1ra, az \u00dcgyf\u00e9l r\u00e9sz\u00e9re m\u00e1s t\u00edpus\u00fa kezel\u00e9st javasol, illetve jogosult a jelen szerz\u0151d\u00e9st felmondani.<\/p>\n<p>4.2 <strong>A kapcsolattart\u00e1s m\u00f3dja<\/strong><\/p>\n<p><!-- \/wp:paragraph --><!-- wp:paragraph --><\/p>\n<p>A Szolg\u00e1ltat\u00f3val az \u00dcgyf\u00e9l e-mail-ben veheti fel a kapcsolatot az online csoportos \u00fcl\u00e9st megel\u0151z\u0151en (e-mail c\u00edm: zs.koposdi@gmail.com). A szolg\u00e1ltat\u00e1s ny\u00fajt\u00e1sa online form\u00e1ban zajlik.<\/p>\n<p><!-- \/wp:paragraph --><!-- wp:paragraph --><\/p>\n<p>4.3. <strong>R\u00e9szv\u00e9teli d\u00edj, d\u00edjaz\u00e1s \u00e9s fizet\u00e9si felt\u00e9telek<\/strong><\/p>\n<p><!-- \/wp:paragraph --><!-- wp:paragraph --><\/p>\n<p>A szolg\u00e1ltat\u00e1s ny\u00fajt\u00e1s\u00e1\u00e9rt a Szolg\u00e1ltat\u00f3 megb\u00edz\u00e1si d\u00edjat sz\u00e1mol fel, mely \u00f6sszeg kiegyenl\u00edt\u00e9se \u00e1tutal\u00e1ssal t\u00f6rt\u00e9nik a Szolg\u00e1ltat\u00f3 \u00e1ltal ki\u00e1ll\u00edtott sz\u00e1mla alapj\u00e1n az els\u0151 egy\u00e9ni interj\u00fat vagy a csoport\u00fcl\u00e9seket megel\u0151z\u0151en. A szolg\u00e1ltat\u00e1s ig\u00e9nybev\u00e9tel\u00e9vel az \u00dcgyf\u00e9l elfogadja, hogy a Szolg\u00e1ltat\u00f3 jogosult bek\u00e9rni t\u0151le a sz\u00e1mla ki\u00e1ll\u00edt\u00e1s\u00e1hoz sz\u00fcks\u00e9ges adatokat.<\/p>\n<p>Fizet\u00e9s: \u00e1tutal\u00e1ssal, egy \u00f6sszegben, vagy k\u00e9t vagy h\u00e1rom r\u00e9szletben.<\/p>\n<p>Hi\u00e1nyz\u00e1s eset\u00e9n is d\u00edjk\u00f6telesek az \u00fcl\u00e9sek, a Szolg\u00e1ltat\u00f3 az adott \u00fcl\u00e9sr\u0151l hi\u00e1nyz\u00f3 r\u00e9sztvev\u0151knek is elk\u00fcldi e-mail-ben az adott \u00fcl\u00e9s anyagait (prezent\u00e1ci\u00f3s anyagokat, feladatok le\u00edr\u00e1s\u00e1t, egy\u00e9b seg\u00e9danyagokat).<\/p>\n<p data-start=\"1247\" data-end=\"1285\">4.4<strong data-start=\"1247\" data-end=\"1283\"> A csoportos program jellemz\u0151i<\/strong><\/p>\n<p data-start=\"1288\" data-end=\"1325\">A csoport\u00fcl\u00e9sek online platformon zajlanak. A program id\u0151tartam 20 alkalom, egy-egy csoport\u00fcl\u00e9s id\u0151tartama 90 perc. Maxim\u00e1lis l\u00e9tsz\u00e1m 12 f\u0151. A program minimum 5 f\u0151vel indul. A r\u00e9szv\u00e9tel felt\u00e9tele: el\u0151zetes r\u00f6vid egy\u00e9ni online interj\u00fa.<\/p>\n<p data-start=\"1748\" data-end=\"1776\">4.5<strong data-start=\"1748\" data-end=\"1774\"> Lemond\u00e1s \u00e9s el\u00e1ll\u00e1s<\/strong><\/p>\n<p data-start=\"1779\" data-end=\"1907\">A fogyaszt\u00f3t (\u00dcgyfelet) a jelentkez\u00e9st\u0151l sz\u00e1m\u00edtott 14 napon bel\u00fcl el\u00e1ll\u00e1si jog illeti meg, amennyiben a program m\u00e9g nem kezd\u0151d\u00f6tt el.<\/p>\n<p data-start=\"1910\" data-end=\"2045\">A program kezdete ut\u00e1n a\u00a0megkezdett r\u00e9szv\u00e9tel lemond\u00e1sa eset\u00e9n visszat\u00e9r\u00edt\u00e9s nem j\u00e1r.<\/p>\n<p>A szolg\u00e1ltat\u00e1s lemond\u00e1sa \u00edr\u00e1sban t\u00f6rt\u00e9nhet, a zs.koposdi@gmail.com c\u00edmre k\u00fcld\u00f6tt lev\u00e9lben.<\/p>\n<p data-start=\"985\" data-end=\"1033\">4.6<strong data-start=\"985\" data-end=\"1033\"> R\u00e9szv\u00e9teli szab\u00e1lyok \u00e9s etikai elv\u00e1r\u00e1sok<\/strong><\/p>\n<p data-start=\"1036\" data-end=\"1156\">A r\u00e9sztvev\u0151k k\u00f6telesek a csoportban elhangzottakat bizalmasan kezelni (titoktart\u00e1s).<\/p>\n<p data-start=\"1159\" data-end=\"1230\">Tilos a foglalkoz\u00e1sok b\u00e1rmilyen form\u00e1ban t\u00f6rt\u00e9n\u0151 r\u00f6gz\u00edt\u00e9se, megoszt\u00e1sa.<\/p>\n<p data-start=\"1233\" data-end=\"1392\">A csoport biztons\u00e1gos m\u0171k\u00f6d\u00e9s\u00e9nek \u00e9rdek\u00e9ben a Szolg\u00e1ltat\u00f3 fenntartja a jogot a programb\u00f3l val\u00f3 kiz\u00e1r\u00e1sra, ha az \u00dcgyf\u00e9l viselked\u00e9se zavarja a csoportfolyamatot.<\/p>\n<p data-start=\"1395\" data-end=\"1486\">A r\u00e9szv\u00e9telhez sz\u00fcks\u00e9ges a m\u0171k\u00f6d\u0151 mikrofon \u00e9s kamera haszn\u00e1lata, illetve az akt\u00edv jelenl\u00e9t.<\/p>\n<p data-start=\"1488\" data-end=\"1516\">4.7<strong data-start=\"1488\" data-end=\"1516\"> Technikai felt\u00e9telek<\/strong><\/p>\n<p data-start=\"1519\" data-end=\"1630\">A szolg\u00e1ltat\u00e1s ig\u00e9nybev\u00e9tel\u00e9hez stabil internetkapcsolat, valamint m\u0171k\u00f6d\u0151 sz\u00e1m\u00edt\u00f3g\u00e9p vagy okoseszk\u00f6z sz\u00fcks\u00e9ges.<\/p>\n<p data-start=\"1633\" data-end=\"1734\">A technikai probl\u00e9m\u00e1kb\u00f3l ered\u0151 hi\u00e1nyz\u00e1sok nem min\u0151s\u00fclnek Szolg\u00e1ltat\u00f3 \u00e1ltal p\u00f3tolhat\u00f3 szolg\u00e1ltat\u00e1snak.<\/p>\n<p><!-- \/wp:paragraph --><!-- wp:paragraph --><\/p>\n<p>5.<strong> Egy\u00e9b csoportos workshopok, foglalkoz\u00e1sok<\/strong><\/p>\n<p><!-- \/wp:paragraph --><!-- wp:paragraph --><\/p>\n<p>5.1.<strong> A szerz\u0151d\u00e9s l\u00e9trej\u00f6tte<\/strong><\/p>\n<p><!-- \/wp:paragraph --><!-- wp:paragraph --><\/p>\n<p>Jelen szerz\u0151d\u00e9s a Szolg\u00e1ltat\u00f3 \u00e9s \u00dcgyfele k\u00f6zt j\u00f6n l\u00e9tre, melyet az \u00dcgyf\u00e9l a r\u00e9sztvev\u0151i jegy megv\u00e1s\u00e1rl\u00e1s\u00e1val (adatai megad\u00e1s\u00e1val \u00e9s az online bankk\u00e1rty\u00e1s fizet\u00e9ssel) kezdem\u00e9nyez. A Szolg\u00e1ltat\u00f3 a be\u00e9rkezett megrendel\u00e9seket \u00edr\u00e1sban visszaigazolja, illetve\u00a0 fenntartja mag\u00e1nak a jogot, hogy a be\u00e9rkezett k\u00e9r\u00e9st elutas\u00edtsa.\u00a0<\/p>\n<p><!-- \/wp:paragraph --><!-- wp:paragraph --><\/p>\n<p>Az \u00dcgyf\u00e9l, jelen szerz\u0151d\u00e9s tudom\u00e1sulv\u00e9tel\u00e9vel nyilatkozik arr\u00f3l, hogy cselekv\u0151k\u00e9pes, a szerz\u0151d\u00e9sk\u00f6t\u00e9si k\u00e9pess\u00e9ge nincs korl\u00e1tozva \u00e9s a szolg\u00e1ltat\u00e1st szabad akarat\u00e1b\u00f3l veszi ig\u00e9nybe.<\/p>\n<p><!-- \/wp:paragraph --><!-- wp:paragraph --><\/p>\n<p>A jelentkez\u00e9s sor\u00e1n az \u00dcgyf\u00e9l \u00e1ltal megadott adatoknak hi\u00e1nytalannak \u00e9s val\u00f3snak kell lenni\u00fck.<br \/>Az \u00dcgyf\u00e9l nyilatkozik arr\u00f3l, hogy az \u00edgy megadott adatok hi\u00e1nytalanok \u00e9s val\u00f3sak.<\/p>\n<p><!-- \/wp:paragraph --><!-- wp:paragraph --><\/p>\n<p>Jelen Szerz\u0151d\u00e9s elfogad\u00e1s\u00e1val az \u00dcgyf\u00e9l kifejezetten hozz\u00e1j\u00e1rul ahhoz, hogy a Szolg\u00e1ltat\u00f3 a szerz\u0151d\u00e9sszer\u0171 teljes\u00edt\u00e9st a szerz\u0151d\u00e9s megk\u00f6t\u00e9se ut\u00e1n azonnal megkezdje.<\/p>\n<p><!-- \/wp:paragraph --><!-- wp:paragraph --><\/p>\n<p>5.2. <strong>A kapcsolattart\u00e1s m\u00f3dja<\/strong><\/p>\n<p><!-- \/wp:paragraph --><!-- wp:paragraph --><\/p>\n<p>A Szolg\u00e1ltat\u00f3val az \u00dcgyf\u00e9l e-mail-ben veheti fel a kapcsolatot az online workshopot megel\u0151z\u0151en (e-mail c\u00edm: zs.koposdi@gmail.com). A szolg\u00e1ltat\u00e1s ny\u00fajt\u00e1sa online form\u00e1ban zajlik.<\/p>\n<p><!-- \/wp:paragraph --><!-- wp:paragraph --><\/p>\n<p>5.3. <strong>R\u00e9szv\u00e9teli d\u00edj<\/strong><\/p>\n<p><!-- \/wp:paragraph --><!-- wp:paragraph --><\/p>\n<p>A szolg\u00e1ltat\u00e1s ny\u00fajt\u00e1s\u00e1\u00e9rt a Szolg\u00e1ltat\u00f3 megb\u00edz\u00e1si d\u00edjat sz\u00e1mol fel, mely \u00f6sszeg kiegyenl\u00edt\u00e9se a r\u00e9sztvev\u0151i jegy megv\u00e1s\u00e1rl\u00e1s\u00e1val t\u00f6rt\u00e9nik online bankk\u00e1rty\u00e1s fizet\u00e9ssel a workshopot megel\u0151z\u0151en. A szolg\u00e1ltat\u00e1s ig\u00e9nybev\u00e9tel\u00e9vel az \u00dcgyf\u00e9l elfogadja, hogy a Szolg\u00e1ltat\u00f3 jogosult bek\u00e9rni t\u0151le a sz\u00e1mla ki\u00e1ll\u00edt\u00e1s\u00e1hoz sz\u00fcks\u00e9ges adatokat.<\/p>\n<p><!-- \/wp:paragraph --><!-- wp:paragraph --><\/p>\n<p>Felhaszn\u00e1l\u00f3 a d\u00edjk\u00f6teles szolg\u00e1ltat\u00e1sok\u00e9rt online, bankk\u00e1rty\u00e1val fizethet. Az online bankk\u00e1rty\u00e1s fizet\u00e9sek a Stripe rendszer\u00e9n kereszt\u00fcl val\u00f3sulnak meg. A bankk\u00e1rtya adatok a Szolg\u00e1ltat\u00f3hoz nem jutnak el.<\/p>\n<p><!-- \/wp:paragraph --><!-- wp:paragraph --><\/p>\n<p>A workshop r\u00e9szv\u00e9teli jegy megv\u00e1s\u00e1rl\u00e1sa sor\u00e1n a jelentkez\u0151nek meg kell adnia \u00e9rv\u00e9nyes bankk\u00e1rtyaadatait. A jelentkez\u0151 kijelenti, hogy a megadott bankk\u00e1rtyaadatok val\u00f3sak, \u00e9s a megadott bankk\u00e1rty\u00e1val jogszer\u0171en rendelkezik.<\/p>\n<p><!-- \/wp:paragraph --><!-- wp:paragraph --><\/p>\n<p>A Szerz\u0151d\u0151 Felek kijelentik, hogy a Szolg\u00e1ltat\u00e1shoz kapcsol\u00f3d\u00f3, Stripe Szolg\u00e1ltat\u00e1s<\/p>\n<p><!-- \/wp:paragraph --><!-- wp:paragraph --><\/p>\n<p>(tov\u00e1bbiakban \u201cStripe\u201d) \u00fczemeltet\u0151je \u00e9s ny\u00fajt\u00f3ja a Stripe, Inc.<\/p>\n<p><!-- \/wp:paragraph --><!-- wp:paragraph --><\/p>\n<p>A Stripe, Inc. nyilv\u00e1nos c\u00e9gadatai:<br \/>Sz\u00e9khely: 510 Townsend Street, San Francisco, CA 94103, USA<br \/>Kontakt: support kukac stripe.com<\/p>\n<p><!-- \/wp:paragraph --><!-- wp:paragraph --><\/p>\n<p>A Stripe a szerz\u0151d\u00e9s teljes\u00edt\u00e9se sor\u00e1n a Szerz\u0151d\u0151 Felek teljes\u00edt\u00e9si seg\u00e9dj\u00e9nek min\u0151s\u00fcl. A Stripe \u00e1ltal\u00e1nos szerz\u0151d\u00e9si felt\u00e9telei \u00e9s az adatv\u00e9delmi nyilatkozata folyamatosan megismerhet\u0151k a\u00a0https:\/\/stripe.com\/en-hu\/privacy\u00a0weboldalon, amiket a Szerz\u0151d\u0151 Felek megismertek \u00e9s elfogadtak.<\/p>\n<p><!-- \/wp:paragraph --><!-- wp:paragraph --><\/p>\n<p>A megb\u00edz\u00e1si d\u00edj kifizet\u00e9s\u00e9nek napj\u00e1n a Szolg\u00e1ltat\u00f3 elektronikus sz\u00e1ml\u00e1t \u00e1ll\u00edt ki, amelyet e-mailen kereszt\u00fcl juttat el az \u00dcgyf\u00e9lhez. Az \u00dcgyf\u00e9l az elektronikus sz\u00e1mla ki\u00e1ll\u00edt\u00e1s\u00e1t kifejezetten elfogadja.<\/p>\n<p><!-- \/wp:paragraph --><!-- wp:paragraph --><\/p>\n<p>5.4. <strong>A szolg\u00e1ltat\u00e1s lemond\u00e1s\u00e1nak felt\u00e9telei<\/strong>:<\/p>\n<p><!-- \/wp:paragraph --><!-- wp:paragraph --><\/p>\n<p>Az szolg\u00e1ltat\u00e1s lemond\u00e1sa \u00edr\u00e1sban t\u00f6rt\u00e9nhet, a zs.koposdi@gmail.com c\u00edmre k\u00fcld\u00f6tt lev\u00e9lben. A lemond\u00e1s az online workshop id\u0151pontja el\u0151tt 168 \u00f3r\u00e1val d\u00edjmentesen lehets\u00e9ges. Amennyiben a lemond\u00e1s a besz\u00e9lget\u00e9s kezdete el\u0151tti 168 \u00f3r\u00e1n bel\u00fcl t\u00f6rt\u00e9nik, nincs visszat\u00e9r\u00edt\u00e9si lehet\u0151s\u00e9g.<\/p>\n<p><!-- \/wp:paragraph --><!-- wp:paragraph --><\/p>\n<p><!-- \/wp:paragraph --><!-- wp:paragraph --><\/p>\n<p>6.<strong> A k\u00e1rt\u00e9r\u00edt\u00e9s felel\u0151ss\u00e9g kiz\u00e1r\u00e1sa<\/strong><\/p>\n<p><!-- \/wp:paragraph --><!-- wp:paragraph --><\/p>\n<p>A Szolg\u00e1ltat\u00f3 a szerz\u0151d\u00e9s teljes\u00edt\u00e9s\u00e9vel \u00f6sszef\u00fcgg\u00e9sben bek\u00f6vetkez\u0151 k\u00e1rok\u00e9rt val\u00f3 k\u00e1rt\u00e9r\u00edt\u00e9si felel\u0151ss\u00e9g\u00e9t az ir\u00e1nyad\u00f3 jogszab\u00e1lyok \u00e1ltal lehet\u0151v\u00e9 tett legteljesebb m\u00e9rt\u00e9kben kiz\u00e1rja. A Szolg\u00e1ltat\u00e1s nem orvosi \u00e9s nem eg\u00e9szs\u00e9g\u00fcgyi szolg\u00e1ltat\u00e1s.<\/p>\n<p>7. <strong data-start=\"1848\" data-end=\"1867\">\u00a0Adatkezel\u00e9s<\/strong><br \/>A Szolg\u00e1ltat\u00f3 az \u00dcgyf\u00e9l adatait a hat\u00e1lyos jogszab\u00e1lyok \u2013 k\u00fcl\u00f6n\u00f6sen a GDPR \u00e9s az Info tv. \u2013 szerint kezeli. Az adatkezel\u00e9s r\u00e9szleteir\u0151l az Adatkezel\u00e9si T\u00e1j\u00e9koztat\u00f3 rendelkezik, amely el\u00e9rhet\u0151 itt el\u00e9rhet\u0151:<a href=\"https:\/\/koposdizsuzsa.hu\/adatkezelesi-tajekoztato\/\"> https:\/\/koposdizsuzsa.hu\/adatkezelesi-tajekoztato\/<\/a><\/p>\n<p><!-- \/wp:paragraph --><!-- wp:paragraph --><\/p>\n<p>8. <strong>Szerz\u0151i jogi rendelkez\u00e9sek<\/strong><\/p>\n<p><!-- \/wp:paragraph --><!-- wp:paragraph --><\/p>\n<p>A Szolg\u00e1ltat\u00f3 honlapj\u00e1n tal\u00e1lhat\u00f3 tartalmak K\u00f6p\u00f6sdi Zsuzsa szellemi term\u00e9k\u00e9t k\u00e9pezik. Ezen tartalmak illet\u00e9ktelen felhaszn\u00e1l\u00e1sa a Szolg\u00e1ltat\u00f3 szerz\u0151i jogainak megs\u00e9rt\u00e9s\u00e9t jelenti, ami m\u00e1solt oldalank\u00e9nt 150.000 Ft \u00f6sszeg\u0171 k\u00f6tb\u00e9r megfizet\u00e9s\u00e9nek k\u00f6telezetts\u00e9g\u00e9t vonja maga ut\u00e1n.<\/p>\n<p data-start=\"2208\" data-end=\"2233\"><strong data-start=\"2208\" data-end=\"2233\">Z\u00e1r\u00f3 rendelkez\u00e9sek<\/strong><\/p>\n<p data-start=\"2236\" data-end=\"2311\">Jelen \u00c1ltal\u00e1nos Szerz\u0151d\u00e9si Felt\u00e9telek 2024. j\u00falius 31. napj\u00e1t\u00f3l hat\u00e1lyosak. Jelen szerz\u0151d\u00e9s hat\u00e1rozatlan id\u0151re sz\u00f3l.<\/p>\n<p data-start=\"2314\" data-end=\"2453\">A Szolg\u00e1ltat\u00f3 fenntartja a jogot az \u00c1SZF m\u00f3dos\u00edt\u00e1s\u00e1ra. A m\u00f3dos\u00edt\u00e1sok a weboldalon, illetve e-mailben t\u00f6rt\u00e9n\u0151 k\u00f6zz\u00e9t\u00e9tellel l\u00e9pnek hat\u00e1lyba.<\/p>\n<p data-start=\"2456\" data-end=\"2590\">A szerz\u0151d\u00e9sre a magyar jog szab\u00e1lyai az ir\u00e1nyad\u00f3k. Jogvita eset\u00e9n a felek b\u00e9k\u00e9s \u00faton pr\u00f3b\u00e1lj\u00e1k rendezni az esetleges vit\u00e1s k\u00e9rd\u00e9seket.<\/p>\n<p><!-- \/wp:paragraph --><!-- wp:paragraph --><\/p>\n<p><!-- \/wp:paragraph --><!-- wp:paragraph --><\/p>\n<p><!-- \/wp:paragraph --><!-- wp:paragraph --><\/p>\n<p><!-- \/wp:paragraph --><\/p>\t\t\t\t\t\t\t\t<\/div>\n\t\t\t\t<\/div>\n\t\t\t\t<\/div>\n\t\t\t\t<\/div>\n\t\t","protected":false},"excerpt":{"rendered":"<p>\u00c1ltal\u00e1nos Szerz\u0151d\u00e9si Felt\u00e9telek Hat\u00e1lyos: 2024. j\u00falius 31. napj\u00e1t\u00f3l visszavon\u00e1sig. Az al\u00e1bbiakban a koposdizsuzsa.hu \u00e9s a\u00a0testsulycsokkentocsoport.hu oldalon ny\u00fajtott szolg\u00e1ltat\u00e1shoz tartoz\u00f3 \u00c1ltal\u00e1nos Szerz\u0151d\u00e9si Felt\u00e9teleket olvashatja. 1. A szolg\u00e1ltat\u00f3 adatai Szolg\u00e1ltat\u00f3: K\u00f6p\u00f6sdi Zsuzsa egy\u00e9ni v\u00e1llalkoz\u00f3 Sz\u00e9khely: 4032 Debrecen, B\u00e9kessy B\u00e9la utca 1. 2.\/7. Ad\u00f3sz\u00e1m: 58060247-1-29 Nyilv\u00e1ntart\u00e1si sz\u00e1m: 56687853 Nyilv\u00e1ntart\u00e1sba vev\u0151 szerv: Bel\u00fcgyminiszt\u00e9rium Telefonsz\u00e1m: +36303134846 E-mail c\u00edm: zs.koposdi@gmail.com 2. [&hellip;]<\/p>\n","protected":false},"author":1,"featured_media":0,"parent":0,"menu_order":0,"comment_status":"closed","ping_status":"closed","template":"","meta":{"footnotes":""},"class_list":["post-798","page","type-page","status-publish","hentry"],"_links":{"self":[{"href":"https:\/\/testsulycsokkentocsoport.hu\/index.php?rest_route=\/wp\/v2\/pages\/798","targetHints":{"allow":["GET"]}}],"collection":[{"href":"https:\/\/testsulycsokkentocsoport.hu\/index.php?rest_route=\/wp\/v2\/pages"}],"about":[{"href":"https:\/\/testsulycsokkentocsoport.hu\/index.php?rest_route=\/wp\/v2\/types\/page"}],"author":[{"embeddable":true,"href":"https:\/\/testsulycsokkentocsoport.hu\/index.php?rest_route=\/wp\/v2\/users\/1"}],"replies":[{"embeddable":true,"href":"https:\/\/testsulycsokkentocsoport.hu\/index.php?rest_route=%2Fwp%2Fv2%2Fcomments&post=798"}],"version-history":[{"count":108,"href":"https:\/\/testsulycsokkentocsoport.hu\/index.php?rest_route=\/wp\/v2\/pages\/798\/revisions"}],"predecessor-version":[{"id":968,"href":"https:\/\/testsulycsokkentocsoport.hu\/index.php?rest_route=\/wp\/v2\/pages\/798\/revisions\/968"}],"wp:attachment":[{"href":"https:\/\/testsulycsokkentocsoport.hu\/index.php?rest_route=%2Fwp%2Fv2%2Fmedia&parent=798"}],"curies":[{"name":"wp","href":"https:\/\/api.w.org\/{rel}","templated":true}]}}